{"id":22,"date":"2020-11-05T03:40:18","date_gmt":"2020-11-05T03:40:18","guid":{"rendered":"https:\/\/electrasol.com.br\/eletrica\/?page_id=22"},"modified":"2023-06-27T20:04:59","modified_gmt":"2023-06-27T20:04:59","slug":"energiasolar","status":"publish","type":"page","link":"https:\/\/electrasol.com.br\/eletrica\/energiasolar\/","title":{"rendered":"Energia Solar"},"content":{"rendered":"\t\t<div data-elementor-type=\"wp-page\" data-elementor-id=\"22\" class=\"elementor elementor-22\">\n\t\t\t\t\t\t<div class=\"elementor-section elementor-top-section elementor-element elementor-element-d094372 elementor-section-boxed elementor-section-height-default elementor-section-height-default\" data-id=\"d094372\" data-element_type=\"section\" data-e-type=\"section\" data-settings=\"{&quot;background_background&quot;:&quot;classic&quot;}\">\n\t\t\t\t\t\t\t<div class=\"elementor-background-overlay\"><\/div>\n\t\t\t\t\t\t\t<div class=\"elementor-container elementor-column-gap-no\">\n\t\t\t\t\t<div class=\"elementor-column elementor-col-100 elementor-top-column elementor-element elementor-element-257f5a4\" data-id=\"257f5a4\" data-element_type=\"column\" data-e-type=\"column\">\n\t\t\t<div class=\"elementor-widget-wrap\">\n\t\t\t\t\t\t\t<\/div>\n\t\t<\/div>\n\t\t\t\t\t<\/div>\n\t\t<\/div>\n\t\t\t\t<div class=\"elementor-section elementor-top-section elementor-element elementor-element-459f844 elementor-section-boxed elementor-section-height-default elementor-section-height-default\" data-id=\"459f844\" data-element_type=\"section\" data-e-type=\"section\" data-settings=\"{&quot;background_background&quot;:&quot;classic&quot;}\">\n\t\t\t\t\t\t\t<div class=\"elementor-background-overlay\"><\/div>\n\t\t\t\t\t\t\t<div class=\"elementor-container elementor-column-gap-no\">\n\t\t\t\t\t<div class=\"elementor-column elementor-col-100 elementor-top-column elementor-element elementor-element-12b34c5\" data-id=\"12b34c5\" data-element_type=\"column\" data-e-type=\"column\">\n\t\t\t<div class=\"elementor-widget-wrap\">\n\t\t\t\t\t\t\t<\/div>\n\t\t<\/div>\n\t\t\t\t\t<\/div>\n\t\t<\/div>\n\t\t\t\t<section class=\"elementor-section elementor-top-section elementor-element elementor-element-95a8313 elementor-section-stretched elementor-section-full_width elementor-section-height-default elementor-section-height-default\" data-id=\"95a8313\" data-element_type=\"section\" data-e-type=\"section\" data-settings=\"{&quot;background_background&quot;:&quot;classic&quot;,&quot;stretch_section&quot;:&quot;section-stretched&quot;}\">\n\t\t\t\t\t\t<div class=\"elementor-container elementor-column-gap-default\">\n\t\t\t\t\t<div class=\"elementor-column elementor-col-100 elementor-top-column elementor-element elementor-element-12193e6\" data-id=\"12193e6\" data-element_type=\"column\" data-e-type=\"column\">\n\t\t\t<div class=\"elementor-widget-wrap elementor-element-populated\">\n\t\t\t\t\t\t<div class=\"elementor-element elementor-element-0b16c31 elementor-widget elementor-widget-rt-title\" data-id=\"0b16c31\" data-element_type=\"widget\" data-e-type=\"widget\" data-widget_type=\"rt-title.default\">\n\t\t\t\t<div class=\"elementor-widget-container\">\n\t\t\t\t\t<div class=\"heading-layout1\">\t\t\t\r\n\t\t\t<div class=\"item-beforetitle item-subtitle\">Nosso Endere\u00e7o<\/div>\t\t\r\n\t\t<h2 class=\"item-title\"> Contato e Endere\u00e7o <\/h2>\r\n\t\t\t\t<p class=\"section-subtitle\">Entre em contato pelo WhatsApp, email ou telefone ou se preferir <br>preencha corretamente o formul\u00e1rio abaixo que em breve retornaremos!<\/p>\r\n\t<\/div>\r\n\t\t\t\t<\/div>\n\t\t\t\t<\/div>\n\t\t\t\t<section class=\"elementor-section elementor-inner-section elementor-element elementor-element-e1d6a9f elementor-section-boxed elementor-section-height-default elementor-section-height-default\" data-id=\"e1d6a9f\" data-element_type=\"section\" data-e-type=\"section\">\n\t\t\t\t\t\t<div class=\"elementor-container elementor-column-gap-default\">\n\t\t\t\t\t<div class=\"elementor-column elementor-col-50 elementor-inner-column elementor-element elementor-element-719cf13\" data-id=\"719cf13\" data-element_type=\"column\" data-e-type=\"column\">\n\t\t\t<div class=\"elementor-widget-wrap elementor-element-populated\">\n\t\t\t\t\t\t<section class=\"elementor-section elementor-inner-section elementor-element elementor-element-727187c elementor-section-boxed elementor-section-height-default elementor-section-height-default\" data-id=\"727187c\" data-element_type=\"section\" data-e-type=\"section\">\n\t\t\t\t\t\t<div class=\"elementor-container elementor-column-gap-default\">\n\t\t\t\t\t<div class=\"elementor-column elementor-col-100 elementor-inner-column elementor-element elementor-element-30ebf86\" data-id=\"30ebf86\" data-element_type=\"column\" data-e-type=\"column\" data-settings=\"{&quot;background_background&quot;:&quot;classic&quot;}\">\n\t\t\t<div class=\"elementor-widget-wrap elementor-element-populated\">\n\t\t\t\t\t\t<div class=\"elementor-element elementor-element-fac1017 elementor-widget elementor-widget-rt-title\" data-id=\"fac1017\" data-element_type=\"widget\" data-e-type=\"widget\" data-widget_type=\"rt-title.default\">\n\t\t\t\t<div class=\"elementor-widget-container\">\n\t\t\t\t\t<div class=\"heading-layout1new\">\t\t\t\r\n\t\t\t<div class=\"item-beforetitle item-subtitle\">Fale Conosco<\/div>\t\t\r\n\t\t<h2 class=\"item-title\"> Endere\u00e7o e Contatos <\/h2>\r\n\t\t\t\t<p class=\"section-subtitle\">Entre em contato pelo WhatsApp, email ou telefone ou se preferir preencha corretamente o formul\u00e1rio que em breve retornaremos.<\/p>\r\n\t<\/div>\r\n\t\t\t\t<\/div>\n\t\t\t\t<\/div>\n\t\t\t\t<div class=\"elementor-element elementor-element-1da263a elementor-invisible elementor-widget elementor-widget-rt-contact\" data-id=\"1da263a\" data-element_type=\"widget\" data-e-type=\"widget\" data-settings=\"{&quot;_animation&quot;:&quot;fadeIn&quot;}\" data-widget_type=\"rt-contact.default\">\n\t\t\t\t<div class=\"elementor-widget-container\">\n\t\t\t\t\t\r\n  \r\n      <div class=\"contact-box-layout15\">\r\n                   <div class=\"media\">\r\n              <div class=\"item-icon\">\r\n                  <i class=\"fas fa-map-marker-alt\"><\/i>\r\n              <\/div>\r\n              <div class=\"media-body space-md\">\r\n                  \r\n                                    <h3 class=\"item-label\">Nosso Endere\u00e7o<\/h3>\r\n              \r\n                  <ul class=\"content-style\">\r\n                                  <li>Rua Araponga, 460, Complexo Empresarial Richard, Sala 01 D.\n<\/li>\r\n                                                  <li>Pitangueiras - Lauro de Freitas - Ba<\/li>\r\n                              <\/ul>\r\n              <\/div>\r\n          <\/div>\r\n              <div class=\"media\">\r\n              <div class=\"item-icon\">\r\n                  <i class=\"far fa-envelope\"><\/i>\r\n              <\/div>\r\n              <div class=\"media-body space-md\">\r\n                              <h3 class=\"item-label\">Nosso Email<\/h3>\r\n              \r\n             <ul class=\"content-style\">\r\n                                  <li>solar@electrasol.com.br<\/li>\r\n                                              <\/ul>\r\n              <\/div>\r\n          <\/div>\r\n          <div class=\"media\">\r\n              <div class=\"item-icon\">\r\n                  <i class=\"fas fa-phone-volume\"><\/i>\r\n              <\/div>\r\n              <div class=\"media-body space-md\">\r\n                                      <h3 class=\"item-label\">Telefone e WhatsApp<\/h3>\r\n                                    <ul class=\"content-style\">\r\n                                  <li>71 991992675<\/li>\r\n                                              <\/ul>\r\n              <\/div>\r\n          <\/div>\r\n      \r\n      <\/div>\r\n\t\t\t\t<\/div>\n\t\t\t\t<\/div>\n\t\t\t\t\t<\/div>\n\t\t<\/div>\n\t\t\t\t\t<\/div>\n\t\t<\/section>\n\t\t\t\t\t<\/div>\n\t\t<\/div>\n\t\t\t\t<div class=\"elementor-column elementor-col-50 elementor-inner-column elementor-element elementor-element-411aa74\" data-id=\"411aa74\" data-element_type=\"column\" data-e-type=\"column\" data-settings=\"{&quot;background_background&quot;:&quot;classic&quot;}\">\n\t\t\t<div class=\"elementor-widget-wrap elementor-element-populated\">\n\t\t\t\t\t<div class=\"elementor-background-overlay\"><\/div>\n\t\t\t\t\t\t<div class=\"elementor-element elementor-element-5e42dc0 elementor-widget elementor-widget-rt-title\" data-id=\"5e42dc0\" data-element_type=\"widget\" data-e-type=\"widget\" data-widget_type=\"rt-title.default\">\n\t\t\t\t<div class=\"elementor-widget-container\">\n\t\t\t\t\t<div class=\"heading-layout1new\">\t\t\t\r\n\t\t\t<div class=\"item-beforetitle item-subtitle\">retornaremos seu contato em breve<\/div>\t\t\r\n\t\t<h2 class=\"item-title\"> Preencha o formul\u00e1rio  <\/h2>\r\n\t\t<\/div>\r\n\t\t\t\t<\/div>\n\t\t\t\t<\/div>\n\t\t\t\t<div class=\"elementor-element elementor-element-b420935 elementor-widget elementor-widget-shortcode\" data-id=\"b420935\" data-element_type=\"widget\" data-e-type=\"widget\" data-widget_type=\"shortcode.default\">\n\t\t\t\t<div class=\"elementor-widget-container\">\n\t\t\t\t\t\t\t<div class=\"elementor-shortcode\">\n<div class=\"wpcf7 no-js\" id=\"wpcf7-f237-o1\" lang=\"en-US\" dir=\"ltr\" data-wpcf7-id=\"237\">\n<div class=\"screen-reader-response\"><p role=\"status\" aria-live=\"polite\" aria-atomic=\"true\"><\/p> <ul><\/ul><\/div>\n<form action=\"\/eletrica\/wp-json\/wp\/v2\/pages\/22#wpcf7-f237-o1\" method=\"post\" class=\"wpcf7-form init\" aria-label=\"Contact form\" novalidate=\"novalidate\" data-status=\"init\">\n<div style=\"display: none;\">\n<input type=\"hidden\" name=\"_wpcf7\" value=\"237\" \/>\n<input type=\"hidden\" name=\"_wpcf7_version\" value=\"6.0.6\" \/>\n<input type=\"hidden\" name=\"_wpcf7_locale\" value=\"en_US\" \/>\n<input type=\"hidden\" name=\"_wpcf7_unit_tag\" value=\"wpcf7-f237-o1\" \/>\n<input type=\"hidden\" name=\"_wpcf7_container_post\" value=\"0\" \/>\n<input type=\"hidden\" name=\"_wpcf7_posted_data_hash\" value=\"\" \/>\n<\/div>\n<div class=\"widget-form\">\n\t<div class=\"contact-form-box\">\n\t\t<div class=\"row\">\n\t\t\t<div class=\"col-12 form-group\">\n\t\t\t\t<p><span class=\"wpcf7-form-control-wrap\" data-name=\"cname\"><input size=\"40\" maxlength=\"400\" class=\"wpcf7-form-control wpcf7-text wpcf7-validates-as-required form-control\" aria-required=\"true\" aria-invalid=\"false\" placeholder=\"Nome *\" value=\"\" type=\"text\" name=\"cname\" \/><\/span>\n\t\t\t\t<\/p>\n\t\t\t<\/div>\n\t\t\t<div class=\"col-12 form-group\">\n\t\t\t\t<p><span class=\"wpcf7-form-control-wrap\" data-name=\"email\"><input size=\"40\" maxlength=\"400\" class=\"wpcf7-form-control wpcf7-email wpcf7-validates-as-required wpcf7-text wpcf7-validates-as-email form-control\" aria-required=\"true\" aria-invalid=\"false\" placeholder=\"Email *\" value=\"\" type=\"email\" name=\"email\" \/><\/span>\n\t\t\t\t<\/p>\n\t\t\t<\/div>\n\t\t\t<div class=\"col-12 form-group\">\n\t\t\t\t<p><span class=\"wpcf7-form-control-wrap\" data-name=\"phone\"><input size=\"40\" maxlength=\"400\" class=\"wpcf7-form-control wpcf7-text wpcf7-validates-as-required form-control\" aria-required=\"true\" aria-invalid=\"false\" placeholder=\"Telefone ou WhatsApp *\" value=\"\" type=\"text\" name=\"phone\" \/><\/span>\n\t\t\t\t<\/p>\n\t\t\t<\/div>\n\t\t\t<div class=\"col-12 form-group\">\n\t\t\t\t<p><span class=\"wpcf7-form-control-wrap\" data-name=\"city\"><input size=\"40\" maxlength=\"400\" class=\"wpcf7-form-control wpcf7-text wpcf7-validates-as-required form-control\" aria-required=\"true\" aria-invalid=\"false\" placeholder=\"Cidade*\" value=\"\" type=\"text\" name=\"city\" \/><\/span>\n\t\t\t\t<\/p>\n\t\t\t<\/div>\n\t\t\t<div class=\"col-12 form-group\">\n\t\t\t\t<p><span class=\"wpcf7-form-control-wrap\" data-name=\"observacoes\"><input size=\"40\" maxlength=\"400\" class=\"wpcf7-form-control wpcf7-text wpcf7-validates-as-required form-control\" aria-required=\"true\" aria-invalid=\"false\" placeholder=\"Qual Servi\u00e7o?*\" value=\"\" type=\"text\" name=\"observacoes\" \/><\/span>\n\t\t\t\t<\/p>\n\t\t\t<\/div>\n\t\t\t<div class=\"col-12 form-group\">\n\t\t\t\t<p><input class=\"wpcf7-form-control wpcf7-submit has-spinner item-btn fw-btn-fill mg-t-10 bg-Primary text-textprimary disabled\" type=\"submit\" value=\"Enviar Menssagem\" \/>\n\t\t\t\t<\/p>\n\t\t\t<\/div>\n\t\t<\/div>\n\t<\/div>\n<\/div><div class=\"wpcf7-response-output\" aria-hidden=\"true\"><\/div>\n<\/form>\n<\/div>\n<\/div>\n\t\t\t\t\t\t<\/div>\n\t\t\t\t<\/div>\n\t\t\t\t\t<\/div>\n\t\t<\/div>\n\t\t\t\t\t<\/div>\n\t\t<\/section>\n\t\t\t\t\t<\/div>\n\t\t<\/div>\n\t\t\t\t\t<\/div>\n\t\t<\/section>\n\t\t\t\t<section class=\"elementor-section elementor-top-section elementor-element elementor-element-bf33f12 elementor-section-content-middle elementor-section-stretched elementor-section-boxed elementor-section-height-default elementor-section-height-default\" data-id=\"bf33f12\" data-element_type=\"section\" data-e-type=\"section\" data-settings=\"{&quot;stretch_section&quot;:&quot;section-stretched&quot;,&quot;background_background&quot;:&quot;classic&quot;}\">\n\t\t\t\t\t\t<div class=\"elementor-container elementor-column-gap-default\">\n\t\t\t\t\t<div class=\"elementor-column elementor-col-50 elementor-top-column elementor-element elementor-element-4e9a10d elementor-hidden-tablet elementor-hidden-phone\" data-id=\"4e9a10d\" data-element_type=\"column\" data-e-type=\"column\">\n\t\t\t<div class=\"elementor-widget-wrap elementor-element-populated\">\n\t\t\t\t\t\t<div class=\"elementor-element elementor-element-213251a elementor-widget elementor-widget-image\" data-id=\"213251a\" data-element_type=\"widget\" data-e-type=\"widget\" data-widget_type=\"image.default\">\n\t\t\t\t<div class=\"elementor-widget-container\">\n\t\t\t\t\t\t\t\t\t\t\t\t\t\t\t<img fetchpriority=\"high\" decoding=\"async\" width=\"398\" height=\"490\" src=\"https:\/\/electrasol.com.br\/eletrica\/wp-content\/uploads\/2023\/06\/home_02.png\" class=\"attachment-full size-full wp-image-4944\" alt=\"\" srcset=\"https:\/\/electrasol.com.br\/eletrica\/wp-content\/uploads\/2023\/06\/home_02.png 398w, https:\/\/electrasol.com.br\/eletrica\/wp-content\/uploads\/2023\/06\/home_02-244x300.png 244w\" sizes=\"(max-width: 398px) 100vw, 398px\" \/>\t\t\t\t\t\t\t\t\t\t\t\t\t\t\t<\/div>\n\t\t\t\t<\/div>\n\t\t\t\t\t<\/div>\n\t\t<\/div>\n\t\t\t\t<div class=\"elementor-column elementor-col-50 elementor-top-column elementor-element elementor-element-fa96872\" data-id=\"fa96872\" data-element_type=\"column\" data-e-type=\"column\">\n\t\t\t<div class=\"elementor-widget-wrap elementor-element-populated\">\n\t\t\t\t\t\t<section class=\"elementor-section elementor-inner-section elementor-element elementor-element-6298cb7 elementor-section-boxed elementor-section-height-default elementor-section-height-default\" data-id=\"6298cb7\" data-element_type=\"section\" data-e-type=\"section\">\n\t\t\t\t\t\t<div class=\"elementor-container elementor-column-gap-default\">\n\t\t\t\t\t<div class=\"elementor-column elementor-col-100 elementor-inner-column elementor-element elementor-element-35e5c95\" data-id=\"35e5c95\" data-element_type=\"column\" data-e-type=\"column\">\n\t\t\t<div class=\"elementor-widget-wrap elementor-element-populated\">\n\t\t\t\t\t\t<div class=\"elementor-element elementor-element-c3678f2 elementor-widget__width-initial elementor-widget elementor-widget-image\" data-id=\"c3678f2\" data-element_type=\"widget\" data-e-type=\"widget\" data-widget_type=\"image.default\">\n\t\t\t\t<div class=\"elementor-widget-container\">\n\t\t\t\t\t\t\t\t\t\t\t\t\t\t\t<img decoding=\"async\" width=\"342\" height=\"474\" src=\"https:\/\/electrasol.com.br\/eletrica\/wp-content\/uploads\/2023\/06\/img-32-1.png\" class=\"attachment-full size-full wp-image-4945\" alt=\"\" srcset=\"https:\/\/electrasol.com.br\/eletrica\/wp-content\/uploads\/2023\/06\/img-32-1.png 342w, https:\/\/electrasol.com.br\/eletrica\/wp-content\/uploads\/2023\/06\/img-32-1-216x300.png 216w\" sizes=\"(max-width: 342px) 100vw, 342px\" \/>\t\t\t\t\t\t\t\t\t\t\t\t\t\t\t<\/div>\n\t\t\t\t<\/div>\n\t\t\t\t\t<\/div>\n\t\t<\/div>\n\t\t\t\t\t<\/div>\n\t\t<\/section>\n\t\t\t\t\t<\/div>\n\t\t<\/div>\n\t\t\t\t\t<\/div>\n\t\t<\/section>\n\t\t\t\t<\/div>\n\t\t","protected":false},"excerpt":{"rendered":"<p>Nosso Endere\u00e7o Contato e Endere\u00e7o Entre em contato pelo WhatsApp, email ou telefone ou se preferir preencha corretamente o formul\u00e1rio abaixo que em breve retornaremos! Fale Conosco Endere\u00e7o e Contatos Entre em contato pelo WhatsApp, email ou telefone ou se preferir preencha corretamente o formul\u00e1rio que em breve retornaremos. Nosso Endere\u00e7o Rua Araponga, 460, Complexo&#8230;<\/p>\n","protected":false},"author":1,"featured_media":4916,"parent":0,"menu_order":0,"comment_status":"closed","ping_status":"closed","template":"elementor_header_footer","meta":{"footnotes":""},"class_list":["post-22","page","type-page","status-publish","has-post-thumbnail","hentry"],"_links":{"self":[{"href":"https:\/\/electrasol.com.br\/eletrica\/wp-json\/wp\/v2\/pages\/22","targetHints":{"allow":["GET"]}}],"collection":[{"href":"https:\/\/electrasol.com.br\/eletrica\/wp-json\/wp\/v2\/pages"}],"about":[{"href":"https:\/\/electrasol.com.br\/eletrica\/wp-json\/wp\/v2\/types\/page"}],"author":[{"embeddable":true,"href":"https:\/\/electrasol.com.br\/eletrica\/wp-json\/wp\/v2\/users\/1"}],"replies":[{"embeddable":true,"href":"https:\/\/electrasol.com.br\/eletrica\/wp-json\/wp\/v2\/comments?post=22"}],"version-history":[{"count":23,"href":"https:\/\/electrasol.com.br\/eletrica\/wp-json\/wp\/v2\/pages\/22\/revisions"}],"predecessor-version":[{"id":5256,"href":"https:\/\/electrasol.com.br\/eletrica\/wp-json\/wp\/v2\/pages\/22\/revisions\/5256"}],"wp:featuredmedia":[{"embeddable":true,"href":"https:\/\/electrasol.com.br\/eletrica\/wp-json\/wp\/v2\/media\/4916"}],"wp:attachment":[{"href":"https:\/\/electrasol.com.br\/eletrica\/wp-json\/wp\/v2\/media?parent=22"}],"curies":[{"name":"wp","href":"https:\/\/api.w.org\/{rel}","templated":true}]}}